{"id":6731,"date":"2026-02-02T22:48:03","date_gmt":"2026-02-02T22:48:03","guid":{"rendered":"https:\/\/server5.keti-test.it\/Verdeprofilo\/?page_id=6731"},"modified":"2026-02-24T17:04:47","modified_gmt":"2026-02-24T17:04:47","slug":"angelini-immobiliare-spa%e2%81%a0","status":"publish","type":"page","link":"https:\/\/server5.keti-test.it\/Verdeprofilo\/angelini-immobiliare-spa%e2%81%a0\/","title":{"rendered":"Angelini Immobiliare Spa\u2060"},"content":{"rendered":"\t\t<div data-elementor-type=\"wp-post\" data-elementor-id=\"6731\" class=\"elementor elementor-6731\" data-elementor-post-type=\"page\">\n\t\t\t\t<div class=\"elementor-element elementor-element-5e0e356 e-flex e-con-boxed e-con e-parent\" data-id=\"5e0e356\" data-element_type=\"container\" data-e-type=\"container\">\n\t\t\t\t\t<div class=\"e-con-inner\">\n\t\t<div class=\"elementor-element elementor-element-6c338ca e-con-full e-flex e-con e-child\" data-id=\"6c338ca\" data-element_type=\"container\" data-e-type=\"container\">\n\t\t\t\t<div class=\"elementor-element elementor-element-773df61 elementor-widget__width-initial elementor-widget elementor-widget-text-editor\" data-id=\"773df61\" data-element_type=\"widget\" data-e-type=\"widget\" data-widget_type=\"text-editor.default\">\n\t\t\t\t\t\t\t\t\t<p><b>Angelini Immobiliare Spa\u2060<\/b><\/p>\t\t\t\t\t\t\t\t<\/div>\n\t\t\t\t<div class=\"elementor-element elementor-element-042ede6 elementor-icon-list--layout-inline elementor-list-item-link-full_width elementor-widget elementor-widget-icon-list\" data-id=\"042ede6\" data-element_type=\"widget\" data-e-type=\"widget\" data-widget_type=\"icon-list.default\">\n\t\t\t\t\t\t\t<ul class=\"elementor-icon-list-items elementor-inline-items\">\n\t\t\t\t\t\t\t<li class=\"elementor-icon-list-item elementor-inline-item\">\n\t\t\t\t\t\t\t\t\t\t<span class=\"elementor-icon-list-text\"><b>Prodotto<\/b>: VP Modulo \u2013 VERTICALgarden - MOSSwall<sup>\u00ae<\/sup><\/span>\n\t\t\t\t\t\t\t\t\t<\/li>\n\t\t\t\t\t\t\t\t<li class=\"elementor-icon-list-item elementor-inline-item\">\n\t\t\t\t\t\t\t\t\t\t<span class=\"elementor-icon-list-text\"><b>Progetto<\/b>: Studio Transit<\/span>\n\t\t\t\t\t\t\t\t\t<\/li>\n\t\t\t\t\t\t\t\t<li class=\"elementor-icon-list-item elementor-inline-item\">\n\t\t\t\t\t\t\t\t\t\t<span class=\"elementor-icon-list-text\"><b>Location<\/b>: Roma<\/span>\n\t\t\t\t\t\t\t\t\t<\/li>\n\t\t\t\t\t\t\t\t<li class=\"elementor-icon-list-item elementor-inline-item\">\n\t\t\t\t\t\t\t\t\t\t<span class=\"elementor-icon-list-text\"><b>Committente<\/b>: Angelini Immobiliare spa<\/span>\n\t\t\t\t\t\t\t\t\t<\/li>\n\t\t\t\t\t\t\t\t<li class=\"elementor-icon-list-item elementor-inline-item\">\n\t\t\t\t\t\t\t\t\t\t<span class=\"elementor-icon-list-text\"><b>Foto<\/b>: -<\/span>\n\t\t\t\t\t\t\t\t\t<\/li>\n\t\t\t\t\t\t<\/ul>\n\t\t\t\t\t\t<\/div>\n\t\t<div class=\"elementor-element elementor-element-e624e73 e-con-full e-flex e-con e-child\" data-id=\"e624e73\" data-element_type=\"container\" data-e-type=\"container\">\n\t\t<div class=\"elementor-element elementor-element-6d3700e e-con-full e-flex e-con e-child\" data-id=\"6d3700e\" data-element_type=\"container\" data-e-type=\"container\">\n\t\t\t\t<div class=\"elementor-element elementor-element-66c9819 elementor-widget__width-initial elementor-widget elementor-widget-text-editor\" data-id=\"66c9819\" data-element_type=\"widget\" data-e-type=\"widget\" data-widget_type=\"text-editor.default\">\n\t\t\t\t\t\t\t\t\t<p><span style=\"font-weight: 400;\">Questo progetto \u00e8 il risultato di un concorso internazionale che\u00a0<\/span><b>Studio Transit<\/b><span style=\"font-weight: 400;\">\u00a0ha vinto nel 2006.<\/span><span style=\"font-weight: 400;\"><br \/><\/span><span style=\"font-weight: 400;\">Pi\u00f9 che un edificio, questo complesso architettonico rappresenta una\u00a0<\/span><i><span style=\"font-weight: 400;\">&#8220;urban measure&#8221;<\/span><\/i><span style=\"font-weight: 400;\">, che comprende spazi per uffici e servizi, funzioni collegate tra loro attraverso un&#8217;attenta e calibrata articolazione di spazi interni, giardini e passaggi.<\/span><\/p><p><span style=\"font-weight: 400;\">Il paesaggio \u00e8 stato spostato dal piano orizzontale a quello verticale, introducendo\u00a0<\/span><b>9 Giardini Verticali<\/b><span style=\"font-weight: 400;\">.<\/span><span style=\"font-weight: 400;\"><br \/><\/span><span style=\"font-weight: 400;\">Dall&#8217;esterno le pareti verdi continuano il loro percorso all&#8217;interno, sotto forma di rigogliosi elementi architettonici, cambiando il colore, la consistenza e la sensazione degli spazi.<\/span><span style=\"font-weight: 400;\"><br \/><\/span><span style=\"font-weight: 400;\">Immersi nella luce naturale, accentuano i loro colori, ammorbidiscono la linearit\u00e0 degli elementi strutturali:\u00a0<\/span><b>cos\u00ec la natura entra in armonia con l&#8217;architettura.<\/b><\/p><p><span style=\"font-weight: 400;\">All&#8217;ingresso, una parete di\u00a0<\/span><b>MOSSwall<\/b><sup>\u00ae<\/sup><span style=\"font-weight: 400;\">\u00a0 \u00e8 stata\u00a0installata dietro la reception a fare da sfondo al logo Angelini Industries.<\/span><span style=\"font-weight: 400;\"><br \/><\/span><span style=\"font-weight: 400;\">MOSSwall<sup>\u00ae<\/sup> \u00e8 stato inoltre utilizzato per rivestire i vani degli ascensori di quattro scale, ciascuno alto\u00a0<\/span><b>pi\u00f9 di 20 metri.<\/b><\/p><p><b>CERTIFICAZIONE LEED<\/b><\/p><p><span style=\"font-weight: 400;\">A Roma, solo 10 edifici hanno ottenuto la certificazione\u00a0<\/span><b>LEED Platinum<\/b><span style=\"font-weight: 400;\">. Uno di questi \u00e8 la nuova sede delle Industrie Angelini. Il livello Platinum \u00e8 il pi\u00f9 alto della certificazione.<\/span><span style=\"font-weight: 400;\"><br \/><\/span><span style=\"font-weight: 400;\">Le\u00a0<\/span><b>pareti verdi possono contribuire all&#8217;ottenimento della certificazione LEED<\/b><sup>\u00ae<\/sup><b> dell&#8217;edificio<\/b><span style=\"font-weight: 400;\">.<\/span><\/p><p><span style=\"font-weight: 400;\">Il progetto L22 Engineering &amp; Sustainability ha permesso di ottenere un risparmio energetico del 35%, che corrisponde a circa 300\/400 auto fermate in un anno, e un risparmio di acqua potabile del 69,8%, pari a circa 43.000 docce.<\/span><\/p>\t\t\t\t\t\t\t\t<\/div>\n\t\t\t\t<\/div>\n\t\t\t\t<\/div>\n\t\t\t\t<\/div>\n\t\t\t\t\t<\/div>\n\t\t\t\t<\/div>\n\t\t<div class=\"elementor-element elementor-element-53e46cf e-flex e-con-boxed e-con e-parent\" data-id=\"53e46cf\" data-element_type=\"container\" data-e-type=\"container\">\n\t\t\t\t\t<div class=\"e-con-inner\">\n\t\t\t\t<div class=\"elementor-element elementor-element-0aef584 elementor-widget__width-initial elementor-widget elementor-widget-image\" data-id=\"0aef584\" data-element_type=\"widget\" data-e-type=\"widget\" data-widget_type=\"image.default\">\n\t\t\t\t\t\t\t\t\t\t\t\t\t\t\t<img fetchpriority=\"high\" decoding=\"async\" width=\"1600\" height=\"1000\" src=\"https:\/\/server5.keti-test.it\/Verdeprofilo\/wp-content\/uploads\/2026\/02\/Angelini-2.webp\" class=\"attachment-full size-full wp-image-6998\" alt=\"\" srcset=\"https:\/\/server5.keti-test.it\/Verdeprofilo\/wp-content\/uploads\/2026\/02\/Angelini-2.webp 1600w, https:\/\/server5.keti-test.it\/Verdeprofilo\/wp-content\/uploads\/2026\/02\/Angelini-2-300x188.webp 300w, https:\/\/server5.keti-test.it\/Verdeprofilo\/wp-content\/uploads\/2026\/02\/Angelini-2-1024x640.webp 1024w, https:\/\/server5.keti-test.it\/Verdeprofilo\/wp-content\/uploads\/2026\/02\/Angelini-2-768x480.webp 768w, https:\/\/server5.keti-test.it\/Verdeprofilo\/wp-content\/uploads\/2026\/02\/Angelini-2-1536x960.webp 1536w\" sizes=\"(max-width: 1600px) 100vw, 1600px\" \/>\t\t\t\t\t\t\t\t\t\t\t\t\t\t\t<\/div>\n\t\t\t\t\t<\/div>\n\t\t\t\t<\/div>\n\t\t<div class=\"elementor-element elementor-element-da438b2 e-flex e-con-boxed e-con e-parent\" data-id=\"da438b2\" data-element_type=\"container\" data-e-type=\"container\">\n\t\t\t\t\t<div class=\"e-con-inner\">\n\t\t\t\t<div class=\"elementor-element elementor-element-943d673 elementor-widget elementor-widget-image\" data-id=\"943d673\" data-element_type=\"widget\" data-e-type=\"widget\" data-widget_type=\"image.default\">\n\t\t\t\t\t\t\t\t\t\t\t\t\t\t\t<img decoding=\"async\" width=\"960\" height=\"600\" src=\"https:\/\/server5.keti-test.it\/Verdeprofilo\/wp-content\/uploads\/2026\/02\/Angelini-5.webp\" class=\"attachment-full size-full wp-image-7004\" alt=\"\" srcset=\"https:\/\/server5.keti-test.it\/Verdeprofilo\/wp-content\/uploads\/2026\/02\/Angelini-5.webp 960w, https:\/\/server5.keti-test.it\/Verdeprofilo\/wp-content\/uploads\/2026\/02\/Angelini-5-300x188.webp 300w, https:\/\/server5.keti-test.it\/Verdeprofilo\/wp-content\/uploads\/2026\/02\/Angelini-5-768x480.webp 768w\" sizes=\"(max-width: 960px) 100vw, 960px\" \/>\t\t\t\t\t\t\t\t\t\t\t\t\t\t\t<\/div>\n\t\t\t\t<div class=\"elementor-element elementor-element-1c2c45a elementor-widget elementor-widget-image\" data-id=\"1c2c45a\" data-element_type=\"widget\" data-e-type=\"widget\" data-widget_type=\"image.default\">\n\t\t\t\t\t\t\t\t\t\t\t\t\t\t\t<img decoding=\"async\" width=\"480\" height=\"600\" src=\"https:\/\/server5.keti-test.it\/Verdeprofilo\/wp-content\/uploads\/2026\/02\/Angelini-4.webp\" class=\"attachment-full size-full wp-image-7003\" alt=\"\" srcset=\"https:\/\/server5.keti-test.it\/Verdeprofilo\/wp-content\/uploads\/2026\/02\/Angelini-4.webp 480w, https:\/\/server5.keti-test.it\/Verdeprofilo\/wp-content\/uploads\/2026\/02\/Angelini-4-240x300.webp 240w\" sizes=\"(max-width: 480px) 100vw, 480px\" \/>\t\t\t\t\t\t\t\t\t\t\t\t\t\t\t<\/div>\n\t\t\t\t\t<\/div>\n\t\t\t\t<\/div>\n\t\t<div class=\"elementor-element elementor-element-dd3b855 e-flex e-con-boxed e-con e-parent\" data-id=\"dd3b855\" data-element_type=\"container\" data-e-type=\"container\">\n\t\t\t\t\t<div class=\"e-con-inner\">\n\t\t\t\t<div class=\"elementor-element elementor-element-ff6a46b elementor-widget__width-initial elementor-widget elementor-widget-image\" data-id=\"ff6a46b\" data-element_type=\"widget\" data-e-type=\"widget\" data-widget_type=\"image.default\">\n\t\t\t\t\t\t\t\t\t\t\t\t\t\t\t<img loading=\"lazy\" decoding=\"async\" width=\"1600\" height=\"1000\" src=\"https:\/\/server5.keti-test.it\/Verdeprofilo\/wp-content\/uploads\/2026\/02\/Angelini-roma.webp\" class=\"attachment-full size-full wp-image-9825\" alt=\"\" srcset=\"https:\/\/server5.keti-test.it\/Verdeprofilo\/wp-content\/uploads\/2026\/02\/Angelini-roma.webp 1600w, https:\/\/server5.keti-test.it\/Verdeprofilo\/wp-content\/uploads\/2026\/02\/Angelini-roma-300x188.webp 300w, https:\/\/server5.keti-test.it\/Verdeprofilo\/wp-content\/uploads\/2026\/02\/Angelini-roma-1024x640.webp 1024w, https:\/\/server5.keti-test.it\/Verdeprofilo\/wp-content\/uploads\/2026\/02\/Angelini-roma-768x480.webp 768w, https:\/\/server5.keti-test.it\/Verdeprofilo\/wp-content\/uploads\/2026\/02\/Angelini-roma-1536x960.webp 1536w\" sizes=\"(max-width: 1600px) 100vw, 1600px\" \/>\t\t\t\t\t\t\t\t\t\t\t\t\t\t\t<\/div>\n\t\t\t\t\t<\/div>\n\t\t\t\t<\/div>\n\t\t<div class=\"elementor-element elementor-element-37fd7c2 e-flex e-con-boxed e-con e-parent\" data-id=\"37fd7c2\" data-element_type=\"container\" data-e-type=\"container\">\n\t\t\t\t\t<div class=\"e-con-inner\">\n\t\t\t\t<div class=\"elementor-element elementor-element-364bfd1 elementor-widget elementor-widget-image\" data-id=\"364bfd1\" data-element_type=\"widget\" data-e-type=\"widget\" data-widget_type=\"image.default\">\n\t\t\t\t\t\t\t\t\t\t\t\t\t\t\t<img loading=\"lazy\" decoding=\"async\" width=\"960\" height=\"600\" src=\"https:\/\/server5.keti-test.it\/Verdeprofilo\/wp-content\/uploads\/2026\/02\/Angelini-6.webp\" class=\"attachment-full size-full wp-image-7005\" alt=\"\" srcset=\"https:\/\/server5.keti-test.it\/Verdeprofilo\/wp-content\/uploads\/2026\/02\/Angelini-6.webp 960w, https:\/\/server5.keti-test.it\/Verdeprofilo\/wp-content\/uploads\/2026\/02\/Angelini-6-300x188.webp 300w, https:\/\/server5.keti-test.it\/Verdeprofilo\/wp-content\/uploads\/2026\/02\/Angelini-6-768x480.webp 768w\" sizes=\"(max-width: 960px) 100vw, 960px\" \/>\t\t\t\t\t\t\t\t\t\t\t\t\t\t\t<\/div>\n\t\t\t\t<div class=\"elementor-element elementor-element-b811277 elementor-widget elementor-widget-image\" data-id=\"b811277\" data-element_type=\"widget\" data-e-type=\"widget\" data-widget_type=\"image.default\">\n\t\t\t\t\t\t\t\t\t\t\t\t\t\t\t<img loading=\"lazy\" decoding=\"async\" width=\"480\" height=\"600\" src=\"https:\/\/server5.keti-test.it\/Verdeprofilo\/wp-content\/uploads\/2026\/02\/Angelini-7.webp\" class=\"attachment-full size-full wp-image-7006\" alt=\"\" srcset=\"https:\/\/server5.keti-test.it\/Verdeprofilo\/wp-content\/uploads\/2026\/02\/Angelini-7.webp 480w, https:\/\/server5.keti-test.it\/Verdeprofilo\/wp-content\/uploads\/2026\/02\/Angelini-7-240x300.webp 240w\" sizes=\"(max-width: 480px) 100vw, 480px\" \/>\t\t\t\t\t\t\t\t\t\t\t\t\t\t\t<\/div>\n\t\t\t\t\t<\/div>\n\t\t\t\t<\/div>\n\t\t\t\t<\/div>\n\t\t","protected":false},"excerpt":{"rendered":"<p>Angelini Immobiliare Spa\u2060 Prodotto: VP Modulo \u2013 VERTICALgarden &#8211; MOSSwall\u00ae Progetto: Studio Transit Location: Roma Committente: Angelini Immobiliare spa Foto: &#8211; Questo progetto \u00e8 il risultato di un concorso internazionale che\u00a0Studio Transit\u00a0ha vinto nel 2006.Pi\u00f9 che un edificio, questo complesso architettonico rappresenta una\u00a0&#8220;urban measure&#8221;, che comprende spazi per uffici e servizi, funzioni collegate tra loro [&hellip;]<\/p>\n","protected":false},"author":1,"featured_media":0,"parent":0,"menu_order":0,"comment_status":"closed","ping_status":"closed","template":"","meta":{"_acf_changed":false,"footnotes":""},"categories":[54],"tags":[43,44,45,46,47,48],"class_list":["post-6731","page","type-page","status-publish","hentry","category-office","tag-giardini-contract","tag-giardini-moderni","tag-giardini-terrazzo","tag-giardino-verticale-interno","tag-muschio-artificiale","tag-muschio-nordico"],"acf":[],"yoast_head":"<!-- This site is optimized with the Yoast SEO plugin v26.9 - https:\/\/yoast.com\/product\/yoast-seo-wordpress\/ -->\n<title>Angelini Immobiliare Spa\u2060 - VerdeProfilo\u00ae<\/title>\n<meta name=\"description\" content=\"Scopri ora il progetto da noi realizzato per Angelini Immobiliare Spa\u2060\" \/>\n<meta name=\"robots\" content=\"noindex, follow, max-snippet:-1, max-image-preview:large, max-video-preview:-1\" \/>\n<meta property=\"og:locale\" content=\"it_IT\" \/>\n<meta property=\"og:type\" content=\"article\" \/>\n<meta property=\"og:title\" content=\"Angelini Immobiliare Spa\u2060 - VerdeProfilo\u00ae\" \/>\n<meta property=\"og:description\" content=\"Scopri ora il progetto da noi realizzato per Angelini Immobiliare Spa\u2060\" \/>\n<meta property=\"og:url\" content=\"https:\/\/server5.keti-test.it\/Verdeprofilo\/angelini-immobiliare-spa%e2%81%a0\/\" \/>\n<meta property=\"og:site_name\" content=\"VerdeProfilo\u00ae\" \/>\n<meta property=\"article:modified_time\" content=\"2026-02-24T17:04:47+00:00\" \/>\n<meta property=\"og:image\" content=\"https:\/\/server5.keti-test.it\/Verdeprofilo\/wp-content\/uploads\/2026\/02\/Angelini-2.webp\" \/>\n<meta name=\"twitter:card\" content=\"summary_large_image\" \/>\n<meta name=\"twitter:label1\" content=\"Tempo di lettura stimato\" \/>\n\t<meta name=\"twitter:data1\" content=\"3 minuti\" \/>\n<script type=\"application\/ld+json\" class=\"yoast-schema-graph\">{\"@context\":\"https:\/\/schema.org\",\"@graph\":[{\"@type\":\"WebPage\",\"@id\":\"https:\/\/server5.keti-test.it\/Verdeprofilo\/angelini-immobiliare-spa%e2%81%a0\/\",\"url\":\"https:\/\/server5.keti-test.it\/Verdeprofilo\/angelini-immobiliare-spa%e2%81%a0\/\",\"name\":\"Angelini Immobiliare Spa\u2060 - VerdeProfilo\u00ae\",\"isPartOf\":{\"@id\":\"https:\/\/server5.keti-test.it\/Verdeprofilo\/#website\"},\"primaryImageOfPage\":{\"@id\":\"https:\/\/server5.keti-test.it\/Verdeprofilo\/angelini-immobiliare-spa%e2%81%a0\/#primaryimage\"},\"image\":{\"@id\":\"https:\/\/server5.keti-test.it\/Verdeprofilo\/angelini-immobiliare-spa%e2%81%a0\/#primaryimage\"},\"thumbnailUrl\":\"https:\/\/server5.keti-test.it\/Verdeprofilo\/wp-content\/uploads\/2026\/02\/Angelini-2.webp\",\"datePublished\":\"2026-02-02T22:48:03+00:00\",\"dateModified\":\"2026-02-24T17:04:47+00:00\",\"description\":\"Scopri ora il progetto da noi realizzato per Angelini Immobiliare Spa\u2060\",\"breadcrumb\":{\"@id\":\"https:\/\/server5.keti-test.it\/Verdeprofilo\/angelini-immobiliare-spa%e2%81%a0\/#breadcrumb\"},\"inLanguage\":\"it-IT\",\"potentialAction\":[{\"@type\":\"ReadAction\",\"target\":[\"https:\/\/server5.keti-test.it\/Verdeprofilo\/angelini-immobiliare-spa%e2%81%a0\/\"]}]},{\"@type\":\"ImageObject\",\"inLanguage\":\"it-IT\",\"@id\":\"https:\/\/server5.keti-test.it\/Verdeprofilo\/angelini-immobiliare-spa%e2%81%a0\/#primaryimage\",\"url\":\"https:\/\/server5.keti-test.it\/Verdeprofilo\/wp-content\/uploads\/2026\/02\/Angelini-2.webp\",\"contentUrl\":\"https:\/\/server5.keti-test.it\/Verdeprofilo\/wp-content\/uploads\/2026\/02\/Angelini-2.webp\",\"width\":1600,\"height\":1000},{\"@type\":\"BreadcrumbList\",\"@id\":\"https:\/\/server5.keti-test.it\/Verdeprofilo\/angelini-immobiliare-spa%e2%81%a0\/#breadcrumb\",\"itemListElement\":[{\"@type\":\"ListItem\",\"position\":1,\"name\":\"Home\",\"item\":\"https:\/\/server5.keti-test.it\/Verdeprofilo\/\"},{\"@type\":\"ListItem\",\"position\":2,\"name\":\"Angelini Immobiliare Spa\u2060\"}]},{\"@type\":\"WebSite\",\"@id\":\"https:\/\/server5.keti-test.it\/Verdeprofilo\/#website\",\"url\":\"https:\/\/server5.keti-test.it\/Verdeprofilo\/\",\"name\":\"VerdeProfilo\u00ae\",\"description\":\"\",\"potentialAction\":[{\"@type\":\"SearchAction\",\"target\":{\"@type\":\"EntryPoint\",\"urlTemplate\":\"https:\/\/server5.keti-test.it\/Verdeprofilo\/?s={search_term_string}\"},\"query-input\":{\"@type\":\"PropertyValueSpecification\",\"valueRequired\":true,\"valueName\":\"search_term_string\"}}],\"inLanguage\":\"it-IT\"}]}<\/script>\n<!-- \/ Yoast SEO plugin. -->","yoast_head_json":{"title":"Angelini Immobiliare Spa\u2060 - VerdeProfilo\u00ae","description":"Scopri ora il progetto da noi realizzato per Angelini Immobiliare Spa\u2060","robots":{"index":"noindex","follow":"follow","max-snippet":"max-snippet:-1","max-image-preview":"max-image-preview:large","max-video-preview":"max-video-preview:-1"},"og_locale":"it_IT","og_type":"article","og_title":"Angelini Immobiliare Spa\u2060 - VerdeProfilo\u00ae","og_description":"Scopri ora il progetto da noi realizzato per Angelini Immobiliare Spa\u2060","og_url":"https:\/\/server5.keti-test.it\/Verdeprofilo\/angelini-immobiliare-spa%e2%81%a0\/","og_site_name":"VerdeProfilo\u00ae","article_modified_time":"2026-02-24T17:04:47+00:00","og_image":[{"url":"https:\/\/server5.keti-test.it\/Verdeprofilo\/wp-content\/uploads\/2026\/02\/Angelini-2.webp","type":"","width":"","height":""}],"twitter_card":"summary_large_image","twitter_misc":{"Tempo di lettura stimato":"3 minuti"},"schema":{"@context":"https:\/\/schema.org","@graph":[{"@type":"WebPage","@id":"https:\/\/server5.keti-test.it\/Verdeprofilo\/angelini-immobiliare-spa%e2%81%a0\/","url":"https:\/\/server5.keti-test.it\/Verdeprofilo\/angelini-immobiliare-spa%e2%81%a0\/","name":"Angelini Immobiliare Spa\u2060 - VerdeProfilo\u00ae","isPartOf":{"@id":"https:\/\/server5.keti-test.it\/Verdeprofilo\/#website"},"primaryImageOfPage":{"@id":"https:\/\/server5.keti-test.it\/Verdeprofilo\/angelini-immobiliare-spa%e2%81%a0\/#primaryimage"},"image":{"@id":"https:\/\/server5.keti-test.it\/Verdeprofilo\/angelini-immobiliare-spa%e2%81%a0\/#primaryimage"},"thumbnailUrl":"https:\/\/server5.keti-test.it\/Verdeprofilo\/wp-content\/uploads\/2026\/02\/Angelini-2.webp","datePublished":"2026-02-02T22:48:03+00:00","dateModified":"2026-02-24T17:04:47+00:00","description":"Scopri ora il progetto da noi realizzato per Angelini Immobiliare Spa\u2060","breadcrumb":{"@id":"https:\/\/server5.keti-test.it\/Verdeprofilo\/angelini-immobiliare-spa%e2%81%a0\/#breadcrumb"},"inLanguage":"it-IT","potentialAction":[{"@type":"ReadAction","target":["https:\/\/server5.keti-test.it\/Verdeprofilo\/angelini-immobiliare-spa%e2%81%a0\/"]}]},{"@type":"ImageObject","inLanguage":"it-IT","@id":"https:\/\/server5.keti-test.it\/Verdeprofilo\/angelini-immobiliare-spa%e2%81%a0\/#primaryimage","url":"https:\/\/server5.keti-test.it\/Verdeprofilo\/wp-content\/uploads\/2026\/02\/Angelini-2.webp","contentUrl":"https:\/\/server5.keti-test.it\/Verdeprofilo\/wp-content\/uploads\/2026\/02\/Angelini-2.webp","width":1600,"height":1000},{"@type":"BreadcrumbList","@id":"https:\/\/server5.keti-test.it\/Verdeprofilo\/angelini-immobiliare-spa%e2%81%a0\/#breadcrumb","itemListElement":[{"@type":"ListItem","position":1,"name":"Home","item":"https:\/\/server5.keti-test.it\/Verdeprofilo\/"},{"@type":"ListItem","position":2,"name":"Angelini Immobiliare Spa\u2060"}]},{"@type":"WebSite","@id":"https:\/\/server5.keti-test.it\/Verdeprofilo\/#website","url":"https:\/\/server5.keti-test.it\/Verdeprofilo\/","name":"VerdeProfilo\u00ae","description":"","potentialAction":[{"@type":"SearchAction","target":{"@type":"EntryPoint","urlTemplate":"https:\/\/server5.keti-test.it\/Verdeprofilo\/?s={search_term_string}"},"query-input":{"@type":"PropertyValueSpecification","valueRequired":true,"valueName":"search_term_string"}}],"inLanguage":"it-IT"}]}},"_links":{"self":[{"href":"https:\/\/server5.keti-test.it\/Verdeprofilo\/wp-json\/wp\/v2\/pages\/6731","targetHints":{"allow":["GET"]}}],"collection":[{"href":"https:\/\/server5.keti-test.it\/Verdeprofilo\/wp-json\/wp\/v2\/pages"}],"about":[{"href":"https:\/\/server5.keti-test.it\/Verdeprofilo\/wp-json\/wp\/v2\/types\/page"}],"author":[{"embeddable":true,"href":"https:\/\/server5.keti-test.it\/Verdeprofilo\/wp-json\/wp\/v2\/users\/1"}],"replies":[{"embeddable":true,"href":"https:\/\/server5.keti-test.it\/Verdeprofilo\/wp-json\/wp\/v2\/comments?post=6731"}],"version-history":[{"count":37,"href":"https:\/\/server5.keti-test.it\/Verdeprofilo\/wp-json\/wp\/v2\/pages\/6731\/revisions"}],"predecessor-version":[{"id":10746,"href":"https:\/\/server5.keti-test.it\/Verdeprofilo\/wp-json\/wp\/v2\/pages\/6731\/revisions\/10746"}],"wp:attachment":[{"href":"https:\/\/server5.keti-test.it\/Verdeprofilo\/wp-json\/wp\/v2\/media?parent=6731"}],"wp:term":[{"taxonomy":"category","embeddable":true,"href":"https:\/\/server5.keti-test.it\/Verdeprofilo\/wp-json\/wp\/v2\/categories?post=6731"},{"taxonomy":"post_tag","embeddable":true,"href":"https:\/\/server5.keti-test.it\/Verdeprofilo\/wp-json\/wp\/v2\/tags?post=6731"}],"curies":[{"name":"wp","href":"https:\/\/api.w.org\/{rel}","templated":true}]}}