{"id":264,"date":"2025-09-22T14:47:55","date_gmt":"2025-09-22T14:47:55","guid":{"rendered":"https:\/\/server5.keti-test.it\/Verdeprofilo\/?page_id=264"},"modified":"2026-02-25T11:04:08","modified_gmt":"2026-02-25T11:04:08","slug":"sistemi","status":"publish","type":"page","link":"https:\/\/server5.keti-test.it\/Verdeprofilo\/sistemi\/","title":{"rendered":"Sistemi"},"content":{"rendered":"\t\t<div data-elementor-type=\"wp-post\" data-elementor-id=\"264\" class=\"elementor elementor-264\" data-elementor-post-type=\"page\">\n\t\t\t\t<div class=\"elementor-element elementor-element-67899c0 e-flex e-con-boxed e-con e-parent\" data-id=\"67899c0\" data-element_type=\"container\" data-e-type=\"container\">\n\t\t\t\t\t<div class=\"e-con-inner\">\n\t\t<div class=\"elementor-element elementor-element-aca9313 e-con-full e-flex e-con e-child\" data-id=\"aca9313\" data-element_type=\"container\" data-e-type=\"container\" data-settings=\"{&quot;background_background&quot;:&quot;classic&quot;}\">\n\t\t\t\t<\/div>\n\t\t<div class=\"elementor-element elementor-element-1551cbb e-con-full e-flex e-con e-child\" data-id=\"1551cbb\" data-element_type=\"container\" data-e-type=\"container\">\n\t\t\t\t<div class=\"elementor-element elementor-element-3d90900 elementor-widget__width-initial elementor-widget elementor-widget-text-editor\" data-id=\"3d90900\" data-element_type=\"widget\" data-e-type=\"widget\" data-widget_type=\"text-editor.default\">\n\t\t\t\t\t\t\t\t\t<p>Sistemi<\/p>\t\t\t\t\t\t\t\t<\/div>\n\t\t\t\t<div class=\"elementor-element elementor-element-c6205f5 elementor-widget__width-initial elementor-widget elementor-widget-text-editor\" data-id=\"c6205f5\" data-element_type=\"widget\" data-e-type=\"widget\" data-widget_type=\"text-editor.default\">\n\t\t\t\t\t\t\t\t\t<p>Progettiamo e sviluppiamo sistemi modulari per pareti e coperture verdi, adattabili a qualsiasi ambiente, indoor o outdoor. Ogni sistema \u00e8 studiato per garantire funzionalit\u00e0, estetica e durabilit\u00e0, con la massima attenzione alla sostenibilit\u00e0.<\/p>\t\t\t\t\t\t\t\t<\/div>\n\t\t<div class=\"elementor-element elementor-element-87b88a2 e-con-full e-flex e-con e-child\" data-id=\"87b88a2\" data-element_type=\"container\" data-e-type=\"container\">\n\t\t<div class=\"elementor-element elementor-element-f4662cd e-con-full e-flex e-con e-child\" data-id=\"f4662cd\" data-element_type=\"container\" data-e-type=\"container\">\n\t\t\t\t<div class=\"elementor-element elementor-element-dcaf05e elementor-widget elementor-widget-heading\" data-id=\"dcaf05e\" data-element_type=\"widget\" data-e-type=\"widget\" data-widget_type=\"heading.default\">\n\t\t\t\t\t<h2 class=\"elementor-heading-title elementor-size-default\"><a href=\"https:\/\/server5.keti-test.it\/Verdeprofilo\/mosswall\/\">MOSSwall<sup>\u00ae<\/sup><\/a><\/h2>\t\t\t\t<\/div>\n\t\t\t\t<\/div>\n\t\t\t\t<div class=\"elementor-element elementor-element-4da9b1d elementor-align-justify elementor-widget__width-initial elementor-widget elementor-widget-button\" data-id=\"4da9b1d\" data-element_type=\"widget\" data-e-type=\"widget\" data-widget_type=\"button.default\">\n\t\t\t\t\t\t\t\t\t\t<a class=\"elementor-button elementor-button-link elementor-size-sm\" href=\"https:\/\/server5.keti-test.it\/Verdeprofilo\/verticalgarden\/\">\n\t\t\t\t\t\t<span class=\"elementor-button-content-wrapper\">\n\t\t\t\t\t\t\t\t\t<span class=\"elementor-button-text\">VERTICALgarden<\/span>\n\t\t\t\t\t<\/span>\n\t\t\t\t\t<\/a>\n\t\t\t\t\t\t\t\t<\/div>\n\t\t\t\t<\/div>\n\t\t\t\t<\/div>\n\t\t\t\t\t<\/div>\n\t\t\t\t<\/div>\n\t\t\t\t<\/div>\n\t\t","protected":false},"excerpt":{"rendered":"<p>Sistemi Progettiamo e sviluppiamo sistemi modulari per pareti e coperture verdi, adattabili a qualsiasi ambiente, indoor o outdoor. Ogni sistema \u00e8 studiato per garantire funzionalit\u00e0, estetica e durabilit\u00e0, con la massima attenzione alla sostenibilit\u00e0. MOSSwall\u00ae VERTICALgarden<\/p>\n","protected":false},"author":1,"featured_media":0,"parent":0,"menu_order":0,"comment_status":"closed","ping_status":"closed","template":"","meta":{"_acf_changed":false,"footnotes":""},"categories":[],"tags":[],"class_list":["post-264","page","type-page","status-publish","hentry"],"acf":[],"yoast_head":"<!-- This site is optimized with the Yoast SEO plugin v26.9 - https:\/\/yoast.com\/product\/yoast-seo-wordpress\/ -->\n<title>Sistemi modulari per pareti e coperture verdi | VerdeProfilo\u00ae<\/title>\n<meta name=\"description\" content=\"Progettiamo sistemi modulari per pareti e coperture verdi, indoor e outdoor: soluzioni durevoli, sostenibili e dal design curato.\" \/>\n<meta name=\"robots\" content=\"noindex, follow, max-snippet:-1, max-image-preview:large, max-video-preview:-1\" \/>\n<meta property=\"og:locale\" content=\"it_IT\" \/>\n<meta property=\"og:type\" content=\"article\" \/>\n<meta property=\"og:title\" content=\"Sistemi modulari per pareti e coperture verdi | VerdeProfilo\u00ae\" \/>\n<meta property=\"og:description\" content=\"Progettiamo sistemi modulari per pareti e coperture verdi, indoor e outdoor: soluzioni durevoli, sostenibili e dal design curato.\" \/>\n<meta property=\"og:url\" content=\"https:\/\/server5.keti-test.it\/Verdeprofilo\/sistemi\/\" \/>\n<meta property=\"og:site_name\" content=\"VerdeProfilo\u00ae\" \/>\n<meta property=\"article:modified_time\" content=\"2026-02-25T11:04:08+00:00\" \/>\n<meta name=\"twitter:card\" content=\"summary_large_image\" \/>\n<meta name=\"twitter:label1\" content=\"Tempo di lettura stimato\" \/>\n\t<meta name=\"twitter:data1\" content=\"1 minuto\" \/>\n<script type=\"application\/ld+json\" class=\"yoast-schema-graph\">{\"@context\":\"https:\/\/schema.org\",\"@graph\":[{\"@type\":\"WebPage\",\"@id\":\"https:\/\/server5.keti-test.it\/Verdeprofilo\/sistemi\/\",\"url\":\"https:\/\/server5.keti-test.it\/Verdeprofilo\/sistemi\/\",\"name\":\"Sistemi modulari per pareti e coperture verdi | VerdeProfilo\u00ae\",\"isPartOf\":{\"@id\":\"https:\/\/server5.keti-test.it\/Verdeprofilo\/#website\"},\"datePublished\":\"2025-09-22T14:47:55+00:00\",\"dateModified\":\"2026-02-25T11:04:08+00:00\",\"description\":\"Progettiamo sistemi modulari per pareti e coperture verdi, indoor e outdoor: soluzioni durevoli, sostenibili e dal design curato.\",\"breadcrumb\":{\"@id\":\"https:\/\/server5.keti-test.it\/Verdeprofilo\/sistemi\/#breadcrumb\"},\"inLanguage\":\"it-IT\",\"potentialAction\":[{\"@type\":\"ReadAction\",\"target\":[\"https:\/\/server5.keti-test.it\/Verdeprofilo\/sistemi\/\"]}]},{\"@type\":\"BreadcrumbList\",\"@id\":\"https:\/\/server5.keti-test.it\/Verdeprofilo\/sistemi\/#breadcrumb\",\"itemListElement\":[{\"@type\":\"ListItem\",\"position\":1,\"name\":\"Home\",\"item\":\"https:\/\/server5.keti-test.it\/Verdeprofilo\/\"},{\"@type\":\"ListItem\",\"position\":2,\"name\":\"Sistemi\"}]},{\"@type\":\"WebSite\",\"@id\":\"https:\/\/server5.keti-test.it\/Verdeprofilo\/#website\",\"url\":\"https:\/\/server5.keti-test.it\/Verdeprofilo\/\",\"name\":\"VerdeProfilo\u00ae\",\"description\":\"\",\"potentialAction\":[{\"@type\":\"SearchAction\",\"target\":{\"@type\":\"EntryPoint\",\"urlTemplate\":\"https:\/\/server5.keti-test.it\/Verdeprofilo\/?s={search_term_string}\"},\"query-input\":{\"@type\":\"PropertyValueSpecification\",\"valueRequired\":true,\"valueName\":\"search_term_string\"}}],\"inLanguage\":\"it-IT\"}]}<\/script>\n<!-- \/ Yoast SEO plugin. -->","yoast_head_json":{"title":"Sistemi modulari per pareti e coperture verdi | VerdeProfilo\u00ae","description":"Progettiamo sistemi modulari per pareti e coperture verdi, indoor e outdoor: soluzioni durevoli, sostenibili e dal design curato.","robots":{"index":"noindex","follow":"follow","max-snippet":"max-snippet:-1","max-image-preview":"max-image-preview:large","max-video-preview":"max-video-preview:-1"},"og_locale":"it_IT","og_type":"article","og_title":"Sistemi modulari per pareti e coperture verdi | VerdeProfilo\u00ae","og_description":"Progettiamo sistemi modulari per pareti e coperture verdi, indoor e outdoor: soluzioni durevoli, sostenibili e dal design curato.","og_url":"https:\/\/server5.keti-test.it\/Verdeprofilo\/sistemi\/","og_site_name":"VerdeProfilo\u00ae","article_modified_time":"2026-02-25T11:04:08+00:00","twitter_card":"summary_large_image","twitter_misc":{"Tempo di lettura stimato":"1 minuto"},"schema":{"@context":"https:\/\/schema.org","@graph":[{"@type":"WebPage","@id":"https:\/\/server5.keti-test.it\/Verdeprofilo\/sistemi\/","url":"https:\/\/server5.keti-test.it\/Verdeprofilo\/sistemi\/","name":"Sistemi modulari per pareti e coperture verdi | VerdeProfilo\u00ae","isPartOf":{"@id":"https:\/\/server5.keti-test.it\/Verdeprofilo\/#website"},"datePublished":"2025-09-22T14:47:55+00:00","dateModified":"2026-02-25T11:04:08+00:00","description":"Progettiamo sistemi modulari per pareti e coperture verdi, indoor e outdoor: soluzioni durevoli, sostenibili e dal design curato.","breadcrumb":{"@id":"https:\/\/server5.keti-test.it\/Verdeprofilo\/sistemi\/#breadcrumb"},"inLanguage":"it-IT","potentialAction":[{"@type":"ReadAction","target":["https:\/\/server5.keti-test.it\/Verdeprofilo\/sistemi\/"]}]},{"@type":"BreadcrumbList","@id":"https:\/\/server5.keti-test.it\/Verdeprofilo\/sistemi\/#breadcrumb","itemListElement":[{"@type":"ListItem","position":1,"name":"Home","item":"https:\/\/server5.keti-test.it\/Verdeprofilo\/"},{"@type":"ListItem","position":2,"name":"Sistemi"}]},{"@type":"WebSite","@id":"https:\/\/server5.keti-test.it\/Verdeprofilo\/#website","url":"https:\/\/server5.keti-test.it\/Verdeprofilo\/","name":"VerdeProfilo\u00ae","description":"","potentialAction":[{"@type":"SearchAction","target":{"@type":"EntryPoint","urlTemplate":"https:\/\/server5.keti-test.it\/Verdeprofilo\/?s={search_term_string}"},"query-input":{"@type":"PropertyValueSpecification","valueRequired":true,"valueName":"search_term_string"}}],"inLanguage":"it-IT"}]}},"_links":{"self":[{"href":"https:\/\/server5.keti-test.it\/Verdeprofilo\/wp-json\/wp\/v2\/pages\/264","targetHints":{"allow":["GET"]}}],"collection":[{"href":"https:\/\/server5.keti-test.it\/Verdeprofilo\/wp-json\/wp\/v2\/pages"}],"about":[{"href":"https:\/\/server5.keti-test.it\/Verdeprofilo\/wp-json\/wp\/v2\/types\/page"}],"author":[{"embeddable":true,"href":"https:\/\/server5.keti-test.it\/Verdeprofilo\/wp-json\/wp\/v2\/users\/1"}],"replies":[{"embeddable":true,"href":"https:\/\/server5.keti-test.it\/Verdeprofilo\/wp-json\/wp\/v2\/comments?post=264"}],"version-history":[{"count":151,"href":"https:\/\/server5.keti-test.it\/Verdeprofilo\/wp-json\/wp\/v2\/pages\/264\/revisions"}],"predecessor-version":[{"id":10607,"href":"https:\/\/server5.keti-test.it\/Verdeprofilo\/wp-json\/wp\/v2\/pages\/264\/revisions\/10607"}],"wp:attachment":[{"href":"https:\/\/server5.keti-test.it\/Verdeprofilo\/wp-json\/wp\/v2\/media?parent=264"}],"wp:term":[{"taxonomy":"category","embeddable":true,"href":"https:\/\/server5.keti-test.it\/Verdeprofilo\/wp-json\/wp\/v2\/categories?post=264"},{"taxonomy":"post_tag","embeddable":true,"href":"https:\/\/server5.keti-test.it\/Verdeprofilo\/wp-json\/wp\/v2\/tags?post=264"}],"curies":[{"name":"wp","href":"https:\/\/api.w.org\/{rel}","templated":true}]}}