{"id":1243,"date":"2025-10-30T15:21:12","date_gmt":"2025-10-30T15:21:12","guid":{"rendered":"https:\/\/server5.keti-test.it\/Verdeprofilo\/?page_id=1243"},"modified":"2026-02-24T17:34:24","modified_gmt":"2026-02-24T17:34:24","slug":"js-plus","status":"publish","type":"page","link":"https:\/\/server5.keti-test.it\/Verdeprofilo\/js-plus\/","title":{"rendered":"J+S Plus"},"content":{"rendered":"\t\t<div data-elementor-type=\"wp-post\" data-elementor-id=\"1243\" class=\"elementor elementor-1243\" data-elementor-post-type=\"page\">\n\t\t\t\t<div class=\"elementor-element elementor-element-28c40a0 e-flex e-con-boxed e-con e-parent\" data-id=\"28c40a0\" data-element_type=\"container\" data-e-type=\"container\">\n\t\t\t\t\t<div class=\"e-con-inner\">\n\t\t<div class=\"elementor-element elementor-element-95322d8 e-con-full e-flex e-con e-child\" data-id=\"95322d8\" data-element_type=\"container\" data-e-type=\"container\">\n\t\t\t\t<div class=\"elementor-element elementor-element-4a5f89c elementor-widget__width-initial elementor-widget elementor-widget-text-editor\" data-id=\"4a5f89c\" data-element_type=\"widget\" data-e-type=\"widget\" data-widget_type=\"text-editor.default\">\n\t\t\t\t\t\t\t\t\t<p class=\"cvGsUA direction-ltr align-start para-style-body\"><span class=\"a_GcMg font-feature-liga-off font-feature-clig-off font-feature-calt-off text-decoration-none text-strikethrough-none\">J+S Plus Headquarter<\/span><\/p>\t\t\t\t\t\t\t\t<\/div>\n\t\t\t\t<div class=\"elementor-element elementor-element-b4527bf elementor-icon-list--layout-inline elementor-list-item-link-full_width elementor-widget elementor-widget-icon-list\" data-id=\"b4527bf\" data-element_type=\"widget\" data-e-type=\"widget\" data-widget_type=\"icon-list.default\">\n\t\t\t\t\t\t\t<ul class=\"elementor-icon-list-items elementor-inline-items\">\n\t\t\t\t\t\t\t<li class=\"elementor-icon-list-item elementor-inline-item\">\n\t\t\t\t\t\t\t\t\t\t<span class=\"elementor-icon-list-text\"><b>Prodotto<\/b>: Lockers <\/span>\n\t\t\t\t\t\t\t\t\t<\/li>\n\t\t\t\t\t\t\t\t<li class=\"elementor-icon-list-item elementor-inline-item\">\n\t\t\t\t\t\t\t\t\t\t<span class=\"elementor-icon-list-text\"><b>Progetto<\/b>: J+S S.p.A.<\/span>\n\t\t\t\t\t\t\t\t\t<\/li>\n\t\t\t\t\t\t\t\t<li class=\"elementor-icon-list-item elementor-inline-item\">\n\t\t\t\t\t\t\t\t\t\t<span class=\"elementor-icon-list-text\"><b>Location<\/b>: Monza<\/span>\n\t\t\t\t\t\t\t\t\t<\/li>\n\t\t\t\t\t\t\t\t<li class=\"elementor-icon-list-item elementor-inline-item\">\n\t\t\t\t\t\t\t\t\t\t<span class=\"elementor-icon-list-text\"><b>Committente<\/b>: J+S S.p.A.<\/span>\n\t\t\t\t\t\t\t\t\t<\/li>\n\t\t\t\t\t\t\t\t<li class=\"elementor-icon-list-item elementor-inline-item\">\n\t\t\t\t\t\t\t\t\t\t<span class=\"elementor-icon-list-text\"><b>Foto<\/b>: Riccardo Ruatasio<\/span>\n\t\t\t\t\t\t\t\t\t<\/li>\n\t\t\t\t\t\t<\/ul>\n\t\t\t\t\t\t<\/div>\n\t\t<div class=\"elementor-element elementor-element-9b0f4e5 e-con-full e-flex e-con e-child\" data-id=\"9b0f4e5\" data-element_type=\"container\" data-e-type=\"container\">\n\t\t<div class=\"elementor-element elementor-element-3b8332a e-con-full e-flex e-con e-child\" data-id=\"3b8332a\" data-element_type=\"container\" data-e-type=\"container\">\n\t\t\t\t<div class=\"elementor-element elementor-element-96eabe2 elementor-widget__width-initial elementor-widget elementor-widget-text-editor\" data-id=\"96eabe2\" data-element_type=\"widget\" data-e-type=\"widget\" data-widget_type=\"text-editor.default\">\n\t\t\t\t\t\t\t\t\t<p><span style=\"font-weight: 400;\">Per i nuovi uffici di <\/span><b>J+S Plus<\/b><span style=\"font-weight: 400;\"> abbiamo progettato soluzioni verdi per migliorare il benessere degli ambienti di lavoro.<\/span><span style=\"font-weight: 400;\"><br \/><\/span><span style=\"font-weight: 400;\">Sono stati inseriti <\/span><b>lockers con piante vere<\/b><span style=\"font-weight: 400;\"> per dividere gli spazi in modo naturale, creando separazioni leggere e armoniose.<\/span><span style=\"font-weight: 400;\"><br \/><\/span><span style=\"font-weight: 400;\">All\u2019interno dei vari uffici sono stati posizionati <\/span><b>vasi con piante<\/b><span style=\"font-weight: 400;\">, per portare freschezza e vitalit\u00e0 negli ambienti.<\/span><span style=\"font-weight: 400;\"><br \/><\/span><span style=\"font-weight: 400;\">Anche l\u2019<\/span><b>area break<\/b><span style=\"font-weight: 400;\"> \u00e8 stata allestita con lockers vegetali, trasformandola in uno spazio accogliente e rigenerante.<\/span><span style=\"font-weight: 400;\"><br \/><\/span><span style=\"font-weight: 400;\">Il verde \u00e8 diventato cos\u00ec protagonista, creando continuit\u00e0 tra estetica e funzionalit\u00e0. <\/span><span style=\"font-weight: 400;\">Ogni scelta vegetale \u00e8 pensata per promuovere <\/span><b>benessere e comfort visivo<\/b><span style=\"font-weight: 400;\"> dei dipendenti.<\/span><span style=\"font-weight: 400;\"><br \/><\/span><span style=\"font-weight: 400;\">Il risultato \u00e8 un ufficio luminoso, armonioso e stimolante, dove natura e design convivono.<\/span><\/p>\t\t\t\t\t\t\t\t<\/div>\n\t\t\t\t<\/div>\n\t\t\t\t<\/div>\n\t\t\t\t<\/div>\n\t\t\t\t\t<\/div>\n\t\t\t\t<\/div>\n\t\t<div class=\"elementor-element elementor-element-abf2485 e-flex e-con-boxed e-con e-parent\" data-id=\"abf2485\" data-element_type=\"container\" data-e-type=\"container\">\n\t\t\t\t\t<div class=\"e-con-inner\">\n\t\t\t\t<div class=\"elementor-element elementor-element-df4a799 elementor-widget__width-initial elementor-widget elementor-widget-image\" data-id=\"df4a799\" data-element_type=\"widget\" data-e-type=\"widget\" data-widget_type=\"image.default\">\n\t\t\t\t\t\t\t\t\t\t\t\t\t\t\t<img fetchpriority=\"high\" decoding=\"async\" width=\"1600\" height=\"1000\" src=\"https:\/\/server5.keti-test.it\/Verdeprofilo\/wp-content\/uploads\/2026\/02\/JS.webp\" class=\"attachment-full size-full wp-image-7082\" alt=\"\" srcset=\"https:\/\/server5.keti-test.it\/Verdeprofilo\/wp-content\/uploads\/2026\/02\/JS.webp 1600w, https:\/\/server5.keti-test.it\/Verdeprofilo\/wp-content\/uploads\/2026\/02\/JS-300x188.webp 300w, https:\/\/server5.keti-test.it\/Verdeprofilo\/wp-content\/uploads\/2026\/02\/JS-1024x640.webp 1024w, https:\/\/server5.keti-test.it\/Verdeprofilo\/wp-content\/uploads\/2026\/02\/JS-768x480.webp 768w, https:\/\/server5.keti-test.it\/Verdeprofilo\/wp-content\/uploads\/2026\/02\/JS-1536x960.webp 1536w\" sizes=\"(max-width: 1600px) 100vw, 1600px\" \/>\t\t\t\t\t\t\t\t\t\t\t\t\t\t\t<\/div>\n\t\t\t\t\t<\/div>\n\t\t\t\t<\/div>\n\t\t<div class=\"elementor-element elementor-element-e1668da e-flex e-con-boxed e-con e-parent\" data-id=\"e1668da\" data-element_type=\"container\" data-e-type=\"container\">\n\t\t\t\t\t<div class=\"e-con-inner\">\n\t\t\t\t<div class=\"elementor-element elementor-element-c6482f7 elementor-widget elementor-widget-image\" data-id=\"c6482f7\" data-element_type=\"widget\" data-e-type=\"widget\" data-widget_type=\"image.default\">\n\t\t\t\t\t\t\t\t\t\t\t\t\t\t\t<img decoding=\"async\" width=\"960\" height=\"600\" src=\"https:\/\/server5.keti-test.it\/Verdeprofilo\/wp-content\/uploads\/2026\/02\/JS-1.webp\" class=\"attachment-full size-full wp-image-7084\" alt=\"\" srcset=\"https:\/\/server5.keti-test.it\/Verdeprofilo\/wp-content\/uploads\/2026\/02\/JS-1.webp 960w, https:\/\/server5.keti-test.it\/Verdeprofilo\/wp-content\/uploads\/2026\/02\/JS-1-300x188.webp 300w, https:\/\/server5.keti-test.it\/Verdeprofilo\/wp-content\/uploads\/2026\/02\/JS-1-768x480.webp 768w\" sizes=\"(max-width: 960px) 100vw, 960px\" \/>\t\t\t\t\t\t\t\t\t\t\t\t\t\t\t<\/div>\n\t\t\t\t<div class=\"elementor-element elementor-element-6d1ec6e elementor-widget elementor-widget-image\" data-id=\"6d1ec6e\" data-element_type=\"widget\" data-e-type=\"widget\" data-widget_type=\"image.default\">\n\t\t\t\t\t\t\t\t\t\t\t\t\t\t\t<img decoding=\"async\" width=\"480\" height=\"600\" src=\"https:\/\/server5.keti-test.it\/Verdeprofilo\/wp-content\/uploads\/2026\/02\/JS-2.webp\" class=\"attachment-full size-full wp-image-7085\" alt=\"\" srcset=\"https:\/\/server5.keti-test.it\/Verdeprofilo\/wp-content\/uploads\/2026\/02\/JS-2.webp 480w, https:\/\/server5.keti-test.it\/Verdeprofilo\/wp-content\/uploads\/2026\/02\/JS-2-240x300.webp 240w\" sizes=\"(max-width: 480px) 100vw, 480px\" \/>\t\t\t\t\t\t\t\t\t\t\t\t\t\t\t<\/div>\n\t\t\t\t\t<\/div>\n\t\t\t\t<\/div>\n\t\t<div class=\"elementor-element elementor-element-2d5f950 e-flex e-con-boxed e-con e-parent\" data-id=\"2d5f950\" data-element_type=\"container\" data-e-type=\"container\">\n\t\t\t\t\t<div class=\"e-con-inner\">\n\t\t\t\t<div class=\"elementor-element elementor-element-a417792 elementor-widget__width-initial elementor-widget elementor-widget-image\" data-id=\"a417792\" data-element_type=\"widget\" data-e-type=\"widget\" data-widget_type=\"image.default\">\n\t\t\t\t\t\t\t\t\t\t\t\t\t\t\t<img loading=\"lazy\" decoding=\"async\" width=\"1600\" height=\"1000\" src=\"https:\/\/server5.keti-test.it\/Verdeprofilo\/wp-content\/uploads\/2026\/02\/JS-3.webp\" class=\"attachment-full size-full wp-image-7086\" alt=\"\" srcset=\"https:\/\/server5.keti-test.it\/Verdeprofilo\/wp-content\/uploads\/2026\/02\/JS-3.webp 1600w, https:\/\/server5.keti-test.it\/Verdeprofilo\/wp-content\/uploads\/2026\/02\/JS-3-300x188.webp 300w, https:\/\/server5.keti-test.it\/Verdeprofilo\/wp-content\/uploads\/2026\/02\/JS-3-1024x640.webp 1024w, https:\/\/server5.keti-test.it\/Verdeprofilo\/wp-content\/uploads\/2026\/02\/JS-3-768x480.webp 768w, https:\/\/server5.keti-test.it\/Verdeprofilo\/wp-content\/uploads\/2026\/02\/JS-3-1536x960.webp 1536w\" sizes=\"(max-width: 1600px) 100vw, 1600px\" \/>\t\t\t\t\t\t\t\t\t\t\t\t\t\t\t<\/div>\n\t\t\t\t\t<\/div>\n\t\t\t\t<\/div>\n\t\t<div class=\"elementor-element elementor-element-0f66c3f e-flex e-con-boxed e-con e-parent\" data-id=\"0f66c3f\" data-element_type=\"container\" data-e-type=\"container\">\n\t\t\t\t\t<div class=\"e-con-inner\">\n\t\t\t\t<div class=\"elementor-element elementor-element-7e3cd8c elementor-widget elementor-widget-image\" data-id=\"7e3cd8c\" data-element_type=\"widget\" data-e-type=\"widget\" data-widget_type=\"image.default\">\n\t\t\t\t\t\t\t\t\t\t\t\t\t\t\t<img loading=\"lazy\" decoding=\"async\" width=\"960\" height=\"600\" src=\"https:\/\/server5.keti-test.it\/Verdeprofilo\/wp-content\/uploads\/2026\/02\/JS-4.webp\" class=\"attachment-full size-full wp-image-7087\" alt=\"\" srcset=\"https:\/\/server5.keti-test.it\/Verdeprofilo\/wp-content\/uploads\/2026\/02\/JS-4.webp 960w, https:\/\/server5.keti-test.it\/Verdeprofilo\/wp-content\/uploads\/2026\/02\/JS-4-300x188.webp 300w, https:\/\/server5.keti-test.it\/Verdeprofilo\/wp-content\/uploads\/2026\/02\/JS-4-768x480.webp 768w\" sizes=\"(max-width: 960px) 100vw, 960px\" \/>\t\t\t\t\t\t\t\t\t\t\t\t\t\t\t<\/div>\n\t\t\t\t<div class=\"elementor-element elementor-element-5ee1441 elementor-widget elementor-widget-image\" data-id=\"5ee1441\" data-element_type=\"widget\" data-e-type=\"widget\" data-widget_type=\"image.default\">\n\t\t\t\t\t\t\t\t\t\t\t\t\t\t\t<img loading=\"lazy\" decoding=\"async\" width=\"480\" height=\"600\" src=\"https:\/\/server5.keti-test.it\/Verdeprofilo\/wp-content\/uploads\/2026\/02\/JS-5.webp\" class=\"attachment-full size-full wp-image-7088\" alt=\"\" srcset=\"https:\/\/server5.keti-test.it\/Verdeprofilo\/wp-content\/uploads\/2026\/02\/JS-5.webp 480w, https:\/\/server5.keti-test.it\/Verdeprofilo\/wp-content\/uploads\/2026\/02\/JS-5-240x300.webp 240w\" sizes=\"(max-width: 480px) 100vw, 480px\" \/>\t\t\t\t\t\t\t\t\t\t\t\t\t\t\t<\/div>\n\t\t\t\t\t<\/div>\n\t\t\t\t<\/div>\n\t\t\t\t<\/div>\n\t\t","protected":false},"excerpt":{"rendered":"<p>J+S Plus Headquarter Prodotto: Lockers Progetto: J+S S.p.A. Location: Monza Committente: J+S S.p.A. Foto: Riccardo Ruatasio Per i nuovi uffici di J+S Plus abbiamo progettato soluzioni verdi per migliorare il benessere degli ambienti di lavoro.Sono stati inseriti lockers con piante vere per dividere gli spazi in modo naturale, creando separazioni leggere e armoniose.All\u2019interno dei vari [&hellip;]<\/p>\n","protected":false},"author":1,"featured_media":0,"parent":0,"menu_order":0,"comment_status":"closed","ping_status":"closed","template":"","meta":{"_acf_changed":false,"footnotes":""},"categories":[54],"tags":[],"class_list":["post-1243","page","type-page","status-publish","hentry","category-office"],"acf":[],"yoast_head":"<!-- This site is optimized with the Yoast SEO plugin v26.9 - https:\/\/yoast.com\/product\/yoast-seo-wordpress\/ -->\n<title>J+S Plus - VerdeProfilo\u00ae<\/title>\n<meta name=\"description\" content=\"Scopri ora il progetto da noi realizzato per J+S Plus\" \/>\n<meta name=\"robots\" content=\"noindex, follow, max-snippet:-1, max-image-preview:large, max-video-preview:-1\" \/>\n<meta property=\"og:locale\" content=\"it_IT\" \/>\n<meta property=\"og:type\" content=\"article\" \/>\n<meta property=\"og:title\" content=\"J+S Plus - VerdeProfilo\u00ae\" \/>\n<meta property=\"og:description\" content=\"Scopri ora il progetto da noi realizzato per J+S Plus\" \/>\n<meta property=\"og:url\" content=\"https:\/\/server5.keti-test.it\/Verdeprofilo\/js-plus\/\" \/>\n<meta property=\"og:site_name\" content=\"VerdeProfilo\u00ae\" \/>\n<meta property=\"article:modified_time\" content=\"2026-02-24T17:34:24+00:00\" \/>\n<meta property=\"og:image\" content=\"https:\/\/server5.keti-test.it\/Verdeprofilo\/wp-content\/uploads\/2026\/02\/JS.webp\" \/>\n<meta name=\"twitter:card\" content=\"summary_large_image\" \/>\n<meta name=\"twitter:label1\" content=\"Tempo di lettura stimato\" \/>\n\t<meta name=\"twitter:data1\" content=\"2 minuti\" \/>\n<script type=\"application\/ld+json\" class=\"yoast-schema-graph\">{\"@context\":\"https:\/\/schema.org\",\"@graph\":[{\"@type\":\"WebPage\",\"@id\":\"https:\/\/server5.keti-test.it\/Verdeprofilo\/js-plus\/\",\"url\":\"https:\/\/server5.keti-test.it\/Verdeprofilo\/js-plus\/\",\"name\":\"J+S Plus - VerdeProfilo\u00ae\",\"isPartOf\":{\"@id\":\"https:\/\/server5.keti-test.it\/Verdeprofilo\/#website\"},\"primaryImageOfPage\":{\"@id\":\"https:\/\/server5.keti-test.it\/Verdeprofilo\/js-plus\/#primaryimage\"},\"image\":{\"@id\":\"https:\/\/server5.keti-test.it\/Verdeprofilo\/js-plus\/#primaryimage\"},\"thumbnailUrl\":\"https:\/\/server5.keti-test.it\/Verdeprofilo\/wp-content\/uploads\/2026\/02\/JS.webp\",\"datePublished\":\"2025-10-30T15:21:12+00:00\",\"dateModified\":\"2026-02-24T17:34:24+00:00\",\"description\":\"Scopri ora il progetto da noi realizzato per J+S Plus\",\"breadcrumb\":{\"@id\":\"https:\/\/server5.keti-test.it\/Verdeprofilo\/js-plus\/#breadcrumb\"},\"inLanguage\":\"it-IT\",\"potentialAction\":[{\"@type\":\"ReadAction\",\"target\":[\"https:\/\/server5.keti-test.it\/Verdeprofilo\/js-plus\/\"]}]},{\"@type\":\"ImageObject\",\"inLanguage\":\"it-IT\",\"@id\":\"https:\/\/server5.keti-test.it\/Verdeprofilo\/js-plus\/#primaryimage\",\"url\":\"https:\/\/server5.keti-test.it\/Verdeprofilo\/wp-content\/uploads\/2026\/02\/JS.webp\",\"contentUrl\":\"https:\/\/server5.keti-test.it\/Verdeprofilo\/wp-content\/uploads\/2026\/02\/JS.webp\",\"width\":1600,\"height\":1000},{\"@type\":\"BreadcrumbList\",\"@id\":\"https:\/\/server5.keti-test.it\/Verdeprofilo\/js-plus\/#breadcrumb\",\"itemListElement\":[{\"@type\":\"ListItem\",\"position\":1,\"name\":\"Home\",\"item\":\"https:\/\/server5.keti-test.it\/Verdeprofilo\/\"},{\"@type\":\"ListItem\",\"position\":2,\"name\":\"J+S Plus\"}]},{\"@type\":\"WebSite\",\"@id\":\"https:\/\/server5.keti-test.it\/Verdeprofilo\/#website\",\"url\":\"https:\/\/server5.keti-test.it\/Verdeprofilo\/\",\"name\":\"VerdeProfilo\u00ae\",\"description\":\"\",\"potentialAction\":[{\"@type\":\"SearchAction\",\"target\":{\"@type\":\"EntryPoint\",\"urlTemplate\":\"https:\/\/server5.keti-test.it\/Verdeprofilo\/?s={search_term_string}\"},\"query-input\":{\"@type\":\"PropertyValueSpecification\",\"valueRequired\":true,\"valueName\":\"search_term_string\"}}],\"inLanguage\":\"it-IT\"}]}<\/script>\n<!-- \/ Yoast SEO plugin. -->","yoast_head_json":{"title":"J+S Plus - VerdeProfilo\u00ae","description":"Scopri ora il progetto da noi realizzato per J+S Plus","robots":{"index":"noindex","follow":"follow","max-snippet":"max-snippet:-1","max-image-preview":"max-image-preview:large","max-video-preview":"max-video-preview:-1"},"og_locale":"it_IT","og_type":"article","og_title":"J+S Plus - VerdeProfilo\u00ae","og_description":"Scopri ora il progetto da noi realizzato per J+S Plus","og_url":"https:\/\/server5.keti-test.it\/Verdeprofilo\/js-plus\/","og_site_name":"VerdeProfilo\u00ae","article_modified_time":"2026-02-24T17:34:24+00:00","og_image":[{"url":"https:\/\/server5.keti-test.it\/Verdeprofilo\/wp-content\/uploads\/2026\/02\/JS.webp","type":"","width":"","height":""}],"twitter_card":"summary_large_image","twitter_misc":{"Tempo di lettura stimato":"2 minuti"},"schema":{"@context":"https:\/\/schema.org","@graph":[{"@type":"WebPage","@id":"https:\/\/server5.keti-test.it\/Verdeprofilo\/js-plus\/","url":"https:\/\/server5.keti-test.it\/Verdeprofilo\/js-plus\/","name":"J+S Plus - VerdeProfilo\u00ae","isPartOf":{"@id":"https:\/\/server5.keti-test.it\/Verdeprofilo\/#website"},"primaryImageOfPage":{"@id":"https:\/\/server5.keti-test.it\/Verdeprofilo\/js-plus\/#primaryimage"},"image":{"@id":"https:\/\/server5.keti-test.it\/Verdeprofilo\/js-plus\/#primaryimage"},"thumbnailUrl":"https:\/\/server5.keti-test.it\/Verdeprofilo\/wp-content\/uploads\/2026\/02\/JS.webp","datePublished":"2025-10-30T15:21:12+00:00","dateModified":"2026-02-24T17:34:24+00:00","description":"Scopri ora il progetto da noi realizzato per J+S Plus","breadcrumb":{"@id":"https:\/\/server5.keti-test.it\/Verdeprofilo\/js-plus\/#breadcrumb"},"inLanguage":"it-IT","potentialAction":[{"@type":"ReadAction","target":["https:\/\/server5.keti-test.it\/Verdeprofilo\/js-plus\/"]}]},{"@type":"ImageObject","inLanguage":"it-IT","@id":"https:\/\/server5.keti-test.it\/Verdeprofilo\/js-plus\/#primaryimage","url":"https:\/\/server5.keti-test.it\/Verdeprofilo\/wp-content\/uploads\/2026\/02\/JS.webp","contentUrl":"https:\/\/server5.keti-test.it\/Verdeprofilo\/wp-content\/uploads\/2026\/02\/JS.webp","width":1600,"height":1000},{"@type":"BreadcrumbList","@id":"https:\/\/server5.keti-test.it\/Verdeprofilo\/js-plus\/#breadcrumb","itemListElement":[{"@type":"ListItem","position":1,"name":"Home","item":"https:\/\/server5.keti-test.it\/Verdeprofilo\/"},{"@type":"ListItem","position":2,"name":"J+S Plus"}]},{"@type":"WebSite","@id":"https:\/\/server5.keti-test.it\/Verdeprofilo\/#website","url":"https:\/\/server5.keti-test.it\/Verdeprofilo\/","name":"VerdeProfilo\u00ae","description":"","potentialAction":[{"@type":"SearchAction","target":{"@type":"EntryPoint","urlTemplate":"https:\/\/server5.keti-test.it\/Verdeprofilo\/?s={search_term_string}"},"query-input":{"@type":"PropertyValueSpecification","valueRequired":true,"valueName":"search_term_string"}}],"inLanguage":"it-IT"}]}},"_links":{"self":[{"href":"https:\/\/server5.keti-test.it\/Verdeprofilo\/wp-json\/wp\/v2\/pages\/1243","targetHints":{"allow":["GET"]}}],"collection":[{"href":"https:\/\/server5.keti-test.it\/Verdeprofilo\/wp-json\/wp\/v2\/pages"}],"about":[{"href":"https:\/\/server5.keti-test.it\/Verdeprofilo\/wp-json\/wp\/v2\/types\/page"}],"author":[{"embeddable":true,"href":"https:\/\/server5.keti-test.it\/Verdeprofilo\/wp-json\/wp\/v2\/users\/1"}],"replies":[{"embeddable":true,"href":"https:\/\/server5.keti-test.it\/Verdeprofilo\/wp-json\/wp\/v2\/comments?post=1243"}],"version-history":[{"count":31,"href":"https:\/\/server5.keti-test.it\/Verdeprofilo\/wp-json\/wp\/v2\/pages\/1243\/revisions"}],"predecessor-version":[{"id":10771,"href":"https:\/\/server5.keti-test.it\/Verdeprofilo\/wp-json\/wp\/v2\/pages\/1243\/revisions\/10771"}],"wp:attachment":[{"href":"https:\/\/server5.keti-test.it\/Verdeprofilo\/wp-json\/wp\/v2\/media?parent=1243"}],"wp:term":[{"taxonomy":"category","embeddable":true,"href":"https:\/\/server5.keti-test.it\/Verdeprofilo\/wp-json\/wp\/v2\/categories?post=1243"},{"taxonomy":"post_tag","embeddable":true,"href":"https:\/\/server5.keti-test.it\/Verdeprofilo\/wp-json\/wp\/v2\/tags?post=1243"}],"curies":[{"name":"wp","href":"https:\/\/api.w.org\/{rel}","templated":true}]}}